{"id":10958,"date":"2023-01-19T17:14:06","date_gmt":"2023-01-19T15:14:06","guid":{"rendered":"https:\/\/citybee.lv\/?page_id=10958"},"modified":"2023-06-08T15:06:25","modified_gmt":"2023-06-08T13:06:25","slug":"visparejie-nosacijumi-biznesa-klientiem","status":"publish","type":"page","link":"https:\/\/citybee.lv\/lv\/visparejie-nosacijumi-biznesa-klientiem\/","title":{"rendered":"Visp\u0101r\u0113jie nosac\u012bjumi biznesa klientiem"},"content":{"rendered":"","protected":false},"excerpt":{"rendered":"","protected":false},"author":1,"featured_media":0,"parent":0,"menu_order":0,"comment_status":"closed","ping_status":"closed","template":"template-legal-v2.blade.php","meta":{"_acf_changed":false,"inline_featured_image":false,"footnotes":""},"acf":[],"yoast_head":"<!-- This site is optimized with the Yoast SEO plugin v23.4 - https:\/\/yoast.com\/wordpress\/plugins\/seo\/ -->\n<title>Visp\u0101r\u0113jie nosac\u012bjumi biznesa klientiem - CityBee<\/title>\n<meta name=\"robots\" content=\"index, follow, max-snippet:-1, max-image-preview:large, max-video-preview:-1\" \/>\n<link rel=\"canonical\" href=\"https:\/\/citybee.lv\/lv\/visparejie-nosacijumi-biznesa-klientiem\/\" \/>\n<meta property=\"og:locale\" content=\"lv_LV\" \/>\n<meta property=\"og:type\" content=\"article\" \/>\n<meta property=\"og:title\" content=\"Visp\u0101r\u0113jie nosac\u012bjumi biznesa klientiem - CityBee\" \/>\n<meta property=\"og:url\" content=\"https:\/\/citybee.lv\/lv\/visparejie-nosacijumi-biznesa-klientiem\/\" \/>\n<meta property=\"og:site_name\" content=\"CityBee\" \/>\n<meta property=\"article:modified_time\" content=\"2023-06-08T13:06:25+00:00\" \/>\n<meta name=\"twitter:card\" content=\"summary_large_image\" \/>\n<script type=\"application\/ld+json\" class=\"yoast-schema-graph\">{\"@context\":\"https:\/\/schema.org\",\"@graph\":[{\"@type\":\"WebPage\",\"@id\":\"https:\/\/citybee.lv\/lv\/visparejie-nosacijumi-biznesa-klientiem\/\",\"url\":\"https:\/\/citybee.lv\/lv\/visparejie-nosacijumi-biznesa-klientiem\/\",\"name\":\"Visp\u0101r\u0113jie nosac\u012bjumi biznesa klientiem - CityBee\",\"isPartOf\":{\"@id\":\"https:\/\/citybee.lv\/lv\/#website\"},\"datePublished\":\"2023-01-19T15:14:06+00:00\",\"dateModified\":\"2023-06-08T13:06:25+00:00\",\"breadcrumb\":{\"@id\":\"https:\/\/citybee.lv\/lv\/visparejie-nosacijumi-biznesa-klientiem\/#breadcrumb\"},\"inLanguage\":\"lv-LV\",\"potentialAction\":[{\"@type\":\"ReadAction\",\"target\":[\"https:\/\/citybee.lv\/lv\/visparejie-nosacijumi-biznesa-klientiem\/\"]}]},{\"@type\":\"BreadcrumbList\",\"@id\":\"https:\/\/citybee.lv\/lv\/visparejie-nosacijumi-biznesa-klientiem\/#breadcrumb\",\"itemListElement\":[{\"@type\":\"ListItem\",\"position\":1,\"name\":\"Home\",\"item\":\"https:\/\/citybee.lv\/lv\/\"},{\"@type\":\"ListItem\",\"position\":2,\"name\":\"Visp\u0101r\u0113jie nosac\u012bjumi biznesa klientiem\"}]},{\"@type\":\"WebSite\",\"@id\":\"https:\/\/citybee.lv\/lv\/#website\",\"url\":\"https:\/\/citybee.lv\/lv\/\",\"name\":\"CityBee\",\"description\":\"\u0145emu un braucu\",\"publisher\":{\"@id\":\"https:\/\/citybee.lv\/lv\/#organization\"},\"potentialAction\":[{\"@type\":\"SearchAction\",\"target\":{\"@type\":\"EntryPoint\",\"urlTemplate\":\"https:\/\/citybee.lv\/lv\/?s={search_term_string}\"},\"query-input\":{\"@type\":\"PropertyValueSpecification\",\"valueRequired\":true,\"valueName\":\"search_term_string\"}}],\"inLanguage\":\"lv-LV\"},{\"@type\":\"Organization\",\"@id\":\"https:\/\/citybee.lv\/lv\/#organization\",\"name\":\"CityBee\",\"url\":\"https:\/\/citybee.lv\/lv\/\",\"logo\":{\"@type\":\"ImageObject\",\"inLanguage\":\"lv-LV\",\"@id\":\"https:\/\/citybee.lv\/lv\/#\/schema\/logo\/image\/\",\"url\":\"https:\/\/citybee.lv\/wp-content\/uploads\/2021\/07\/og.jpg\",\"contentUrl\":\"https:\/\/citybee.lv\/wp-content\/uploads\/2021\/07\/og.jpg\",\"width\":2400,\"height\":1254,\"caption\":\"CityBee\"},\"image\":{\"@id\":\"https:\/\/citybee.lv\/lv\/#\/schema\/logo\/image\/\"}}]}<\/script>\n<!-- \/ Yoast SEO plugin. -->","yoast_head_json":{"title":"Visp\u0101r\u0113jie nosac\u012bjumi biznesa klientiem - CityBee","robots":{"index":"index","follow":"follow","max-snippet":"max-snippet:-1","max-image-preview":"max-image-preview:large","max-video-preview":"max-video-preview:-1"},"canonical":"https:\/\/citybee.lv\/lv\/visparejie-nosacijumi-biznesa-klientiem\/","og_locale":"lv_LV","og_type":"article","og_title":"Visp\u0101r\u0113jie nosac\u012bjumi biznesa klientiem - CityBee","og_url":"https:\/\/citybee.lv\/lv\/visparejie-nosacijumi-biznesa-klientiem\/","og_site_name":"CityBee","article_modified_time":"2023-06-08T13:06:25+00:00","twitter_card":"summary_large_image","schema":{"@context":"https:\/\/schema.org","@graph":[{"@type":"WebPage","@id":"https:\/\/citybee.lv\/lv\/visparejie-nosacijumi-biznesa-klientiem\/","url":"https:\/\/citybee.lv\/lv\/visparejie-nosacijumi-biznesa-klientiem\/","name":"Visp\u0101r\u0113jie nosac\u012bjumi biznesa klientiem - CityBee","isPartOf":{"@id":"https:\/\/citybee.lv\/lv\/#website"},"datePublished":"2023-01-19T15:14:06+00:00","dateModified":"2023-06-08T13:06:25+00:00","breadcrumb":{"@id":"https:\/\/citybee.lv\/lv\/visparejie-nosacijumi-biznesa-klientiem\/#breadcrumb"},"inLanguage":"lv-LV","potentialAction":[{"@type":"ReadAction","target":["https:\/\/citybee.lv\/lv\/visparejie-nosacijumi-biznesa-klientiem\/"]}]},{"@type":"BreadcrumbList","@id":"https:\/\/citybee.lv\/lv\/visparejie-nosacijumi-biznesa-klientiem\/#breadcrumb","itemListElement":[{"@type":"ListItem","position":1,"name":"Home","item":"https:\/\/citybee.lv\/lv\/"},{"@type":"ListItem","position":2,"name":"Visp\u0101r\u0113jie nosac\u012bjumi biznesa klientiem"}]},{"@type":"WebSite","@id":"https:\/\/citybee.lv\/lv\/#website","url":"https:\/\/citybee.lv\/lv\/","name":"CityBee","description":"\u0145emu un braucu","publisher":{"@id":"https:\/\/citybee.lv\/lv\/#organization"},"potentialAction":[{"@type":"SearchAction","target":{"@type":"EntryPoint","urlTemplate":"https:\/\/citybee.lv\/lv\/?s={search_term_string}"},"query-input":{"@type":"PropertyValueSpecification","valueRequired":true,"valueName":"search_term_string"}}],"inLanguage":"lv-LV"},{"@type":"Organization","@id":"https:\/\/citybee.lv\/lv\/#organization","name":"CityBee","url":"https:\/\/citybee.lv\/lv\/","logo":{"@type":"ImageObject","inLanguage":"lv-LV","@id":"https:\/\/citybee.lv\/lv\/#\/schema\/logo\/image\/","url":"https:\/\/citybee.lv\/wp-content\/uploads\/2021\/07\/og.jpg","contentUrl":"https:\/\/citybee.lv\/wp-content\/uploads\/2021\/07\/og.jpg","width":2400,"height":1254,"caption":"CityBee"},"image":{"@id":"https:\/\/citybee.lv\/lv\/#\/schema\/logo\/image\/"}}]}},"_links":{"self":[{"href":"https:\/\/citybee.lv\/lv\/wp-json\/wp\/v2\/pages\/10958"}],"collection":[{"href":"https:\/\/citybee.lv\/lv\/wp-json\/wp\/v2\/pages"}],"about":[{"href":"https:\/\/citybee.lv\/lv\/wp-json\/wp\/v2\/types\/page"}],"author":[{"embeddable":true,"href":"https:\/\/citybee.lv\/lv\/wp-json\/wp\/v2\/users\/1"}],"replies":[{"embeddable":true,"href":"https:\/\/citybee.lv\/lv\/wp-json\/wp\/v2\/comments?post=10958"}],"version-history":[{"count":2,"href":"https:\/\/citybee.lv\/lv\/wp-json\/wp\/v2\/pages\/10958\/revisions"}],"predecessor-version":[{"id":11414,"href":"https:\/\/citybee.lv\/lv\/wp-json\/wp\/v2\/pages\/10958\/revisions\/11414"}],"wp:attachment":[{"href":"https:\/\/citybee.lv\/lv\/wp-json\/wp\/v2\/media?parent=10958"}],"curies":[{"name":"wp","href":"https:\/\/api.w.org\/{rel}","templated":true}]}}